{"id":80,"date":"2019-10-02T13:44:11","date_gmt":"2019-10-02T13:44:11","guid":{"rendered":"http:\/\/oldtimerclassiccars.de\/?page_id=80"},"modified":"2021-02-09T08:11:44","modified_gmt":"2021-02-09T08:11:44","slug":"werkstatt","status":"publish","type":"page","link":"https:\/\/oldtimerclassiccars.de\/index.php\/werkstatt\/","title":{"rendered":"Werkstatt"},"content":{"rendered":"\n<p>Die Firma Oldtimer Classic Cars &#8211; Restaurierung und Reparatur &#8211; wurde am 1. April 1986 von Bernhard Huke gegr\u00fcndet. Bernhard Huke hat nach langj\u00e4hriger Erfahrung in der \u00d6lindustrie seine Leidenschaft zum Beruf gemacht und diesen Oldtimer-Restaurationsbetrieb gegr\u00fcndet.<\/p>\n\n\n\n<p>Am 01.01.2017 \u00fcbernahm Martin Huke den Betrieb von seinem Vater. Der Name Huke steht in der Old- und Youngtimerszene f\u00fcr Qualit\u00e4t, Individualit\u00e4t, Erfahrung und der Leidenschaft zum Automobil. Dies jetzt schon seit 30 Jahren.<\/p>\n\n\n\n<div class=\"wp-block-image\"><figure class=\"alignleft is-resized\"><img decoding=\"async\" src=\"https:\/\/oldtimerclassiccars.de\/wp-content\/uploads\/2019\/10\/P1060470-1-1024x768.jpg\" alt=\"\" class=\"wp-image-578\" width=\"254\" height=\"191\" srcset=\"https:\/\/oldtimerclassiccars.de\/wp-content\/uploads\/2019\/10\/P1060470-1-1024x768.jpg 1024w, https:\/\/oldtimerclassiccars.de\/wp-content\/uploads\/2019\/10\/P1060470-1-300x225.jpg 300w, https:\/\/oldtimerclassiccars.de\/wp-content\/uploads\/2019\/10\/P1060470-1-768x576.jpg 768w, https:\/\/oldtimerclassiccars.de\/wp-content\/uploads\/2019\/10\/P1060470-1-830x623.jpg 830w, https:\/\/oldtimerclassiccars.de\/wp-content\/uploads\/2019\/10\/P1060470-1-230x173.jpg 230w, https:\/\/oldtimerclassiccars.de\/wp-content\/uploads\/2019\/10\/P1060470-1-350x263.jpg 350w, https:\/\/oldtimerclassiccars.de\/wp-content\/uploads\/2019\/10\/P1060470-1-480x360.jpg 480w\" sizes=\"(max-width: 254px) 100vw, 254px\" \/><\/figure><\/div>\n\n\n\n<h6 class=\"wp-block-heading\">Unser Team besteht aus:<\/h6>\n\n\n\n<p>Martin Huke: Gesch\u00e4ftsleitung<br>Bernhard Huke: Meister<br>Waldemar Kropinski: Mechaniker<br>Jannik Martens: Mechaniker<br>Carolien M\u00e4dge: B\u00fcro und Buchhaltung<\/p>\n\n\n\n<p><\/p>\n","protected":false},"excerpt":{"rendered":"<p>Die Firma Oldtimer Classic Cars &#8211; Restaurierung und Reparatur &#8211; wurde am 1. April 1986 von Bernhard Huke gegr\u00fcndet. Bernhard Huke hat [&hellip;]<\/p>\n","protected":false},"author":1,"featured_media":0,"parent":0,"menu_order":0,"comment_status":"closed","ping_status":"closed","template":"","meta":{"footnotes":""},"class_list":["post-80","page","type-page","status-publish","hentry"],"_links":{"self":[{"href":"https:\/\/oldtimerclassiccars.de\/index.php\/wp-json\/wp\/v2\/pages\/80","targetHints":{"allow":["GET"]}}],"collection":[{"href":"https:\/\/oldtimerclassiccars.de\/index.php\/wp-json\/wp\/v2\/pages"}],"about":[{"href":"https:\/\/oldtimerclassiccars.de\/index.php\/wp-json\/wp\/v2\/types\/page"}],"author":[{"embeddable":true,"href":"https:\/\/oldtimerclassiccars.de\/index.php\/wp-json\/wp\/v2\/users\/1"}],"replies":[{"embeddable":true,"href":"https:\/\/oldtimerclassiccars.de\/index.php\/wp-json\/wp\/v2\/comments?post=80"}],"version-history":[{"count":8,"href":"https:\/\/oldtimerclassiccars.de\/index.php\/wp-json\/wp\/v2\/pages\/80\/revisions"}],"predecessor-version":[{"id":597,"href":"https:\/\/oldtimerclassiccars.de\/index.php\/wp-json\/wp\/v2\/pages\/80\/revisions\/597"}],"wp:attachment":[{"href":"https:\/\/oldtimerclassiccars.de\/index.php\/wp-json\/wp\/v2\/media?parent=80"}],"curies":[{"name":"wp","href":"https:\/\/api.w.org\/{rel}","templated":true}]}}